{"id":33,"date":"2024-11-20T12:40:27","date_gmt":"2024-11-20T12:40:27","guid":{"rendered":"https:\/\/inklusivearbeitgeber.ch\/?page_id=33"},"modified":"2024-11-20T13:52:45","modified_gmt":"2024-11-20T13:52:45","slug":"impressum","status":"publish","type":"page","link":"https:\/\/inklusivearbeitgeber.ch\/?page_id=33","title":{"rendered":"Impressum"},"content":{"rendered":"\t\t<div data-elementor-type=\"wp-post\" data-elementor-id=\"33\" class=\"elementor elementor-33\" data-elementor-post-type=\"page\">\n\t\t\t\t<div class=\"elementor-element elementor-element-64d5bcb e-flex e-con-boxed wpr-particle-no wpr-jarallax-no wpr-parallax-no wpr-sticky-section-no e-con e-parent\" data-id=\"64d5bcb\" data-element_type=\"container\">\n\t\t\t\t\t<div class=\"e-con-inner\">\n\t\t\t\t<div class=\"elementor-element elementor-element-7c2d492 elementor-widget elementor-widget-text-editor\" data-id=\"7c2d492\" data-element_type=\"widget\" data-widget_type=\"text-editor.default\">\n\t\t\t\t<div class=\"elementor-widget-container\">\n\t\t\t\t\t\t\t\t\t<div class=\"flex-shrink-0 flex flex-col relative items-end\"><div><div class=\"pt-0\"><div class=\"gizmo-bot-avatar flex h-8 w-8 items-center justify-center overflow-hidden rounded-full\"><div class=\"relative p-1 rounded-sm flex items-center justify-center bg-token-main-surface-primary text-token-text-primary h-8 w-8\">\u00a0<\/div><\/div><\/div><\/div><\/div><div class=\"group\/conversation-turn relative flex w-full min-w-0 flex-col agent-turn\"><div class=\"flex-col gap-1 md:gap-3\"><div class=\"flex max-w-full flex-col flex-grow\"><div class=\"min-h-8 text-message flex w-full flex-col items-end gap-2 whitespace-normal break-words [.text-message+&amp;]:mt-5\" dir=\"auto\" data-message-author-role=\"assistant\" data-message-id=\"a5eb0083-bd1e-4a99-bf1e-86851e692395\" data-message-model-slug=\"gpt-4o\"><div class=\"flex w-full flex-col gap-1 empty:hidden first:pt-[3px]\"><div class=\"markdown prose w-full break-words dark:prose-invert dark\"><p><strong>Impressum f\u00fcr Inklusive Arbeitgeber<\/strong><\/p><p>Gem\u00e4ss den gesetzlichen Anforderungen der Schweiz (insbesondere Art. 3 des Bundesgesetzes gegen den unlauteren Wettbewerb, UWG) und zur Erh\u00f6hung der Transparenz stellen wir nachfolgend die Pflichtangaben zur Verf\u00fcgung.<\/p><h3><strong>Verantwortlich f\u00fcr den Inhalt der Website<\/strong><\/h3><p><strong>Stiftung Profil<\/strong><br \/>Arbeit &amp; Handicap<br \/>Postfach<br \/>8032 Z\u00fcrich\u00a0<br \/>Schweiz<\/p><p>Telefon: 058 775 2020<br \/>E-Mail: info@profil.ch<br \/>Website: <a href=\"http:\/\/www.profil.ch\" target=\"_blank\" rel=\"noopener\">profil.ch<\/a><\/p><h3><strong>Haftungsausschluss<\/strong><\/h3><p>Trotz sorgf\u00e4ltiger Kontrolle \u00fcbernehmen wir keine Haftung f\u00fcr die Inhalte externer Links. F\u00fcr den Inhalt der verlinkten Seiten sind ausschliesslich deren Betreiber verantwortlich.<\/p><h3><strong>Urheberrecht<\/strong><\/h3><p>Die Inhalte dieser Website sind urheberrechtlich gesch\u00fctzt. Jede Art der Vervielf\u00e4ltigung, Bearbeitung, Verbreitung und Verwertung ausserhalb der Grenzen des Urheberrechts bedarf der schriftlichen Zustimmung von inklusive Arbeitgeber. Downloads und Kopien dieser Seite sind nur f\u00fcr den privaten, nicht-kommerziellen Gebrauch gestattet.<\/p><p><em>(Stand: 11\/2024)<\/em><\/p><\/div><\/div><\/div><\/div><\/div><\/div>\t\t\t\t\t\t\t\t<\/div>\n\t\t\t\t<\/div>\n\t\t\t\t\t<\/div>\n\t\t\t\t<\/div>\n\t\t\t\t<\/div>\n\t\t","protected":false},"excerpt":{"rendered":"<p>\u00a0 Impressum f\u00fcr Inklusive Arbeitgeber Gem\u00e4ss den gesetzlichen Anforderungen der Schweiz (insbesondere Art. 3 des Bundesgesetzes gegen den unlauteren Wettbewerb, UWG) und zur Erh\u00f6hung der Transparenz stellen wir nachfolgend die Pflichtangaben zur Verf\u00fcgung. Verantwortlich f\u00fcr den Inhalt der Website Stiftung ProfilArbeit &amp; HandicapPostfach8032 Z\u00fcrich\u00a0Schweiz Telefon: 058 775 2020E-Mail: info@profil.chWebsite: profil.ch Haftungsausschluss Trotz sorgf\u00e4ltiger Kontrolle \u00fcbernehmen wir keine Haftung f\u00fcr die Inhalte externer Links. F\u00fcr den Inhalt der verlinkten Seiten sind ausschliesslich deren Betreiber verantwortlich. Urheberrecht Die Inhalte dieser Website sind urheberrechtlich gesch\u00fctzt. Jede Art der Vervielf\u00e4ltigung, Bearbeitung, Verbreitung und Verwertung ausserhalb der Grenzen des Urheberrechts bedarf der schriftlichen Zustimmung von inklusive Arbeitgeber. Downloads und Kopien dieser Seite sind nur f\u00fcr den privaten, nicht-kommerziellen Gebrauch gestattet. (Stand: 11\/2024)<\/p>\n","protected":false},"author":3,"featured_media":0,"parent":0,"menu_order":0,"comment_status":"closed","ping_status":"closed","template":"","meta":{"_price":"","_stock":"","_tribe_ticket_header":"","_tribe_default_ticket_provider":"","_ticket_start_date":"","_ticket_end_date":"","_tribe_ticket_show_description":"","_tribe_ticket_show_not_going":false,"_tribe_ticket_use_global_stock":"","_tribe_ticket_global_stock_level":"","_global_stock_mode":"","_global_stock_cap":"","_tribe_rsvp_for_event":"","_tribe_ticket_going_count":"","_tribe_ticket_not_going_count":"","_tribe_tickets_list":"[]","_tribe_ticket_has_attendee_info_fields":false,"footnotes":"","_tec_slr_enabled":"","_tec_slr_layout":""},"class_list":["post-33","page","type-page","status-publish","hentry"],"yoast_head":"<!-- This site is optimized with the Yoast SEO plugin v26.6 - https:\/\/yoast.com\/wordpress\/plugins\/seo\/ -->\n<title>Impressum - inklusivearbeitgeber<\/title>\n<meta name=\"robots\" content=\"index, follow, max-snippet:-1, max-image-preview:large, max-video-preview:-1\" \/>\n<link rel=\"canonical\" href=\"https:\/\/inklusivearbeitgeber.ch\/?page_id=33\" \/>\n<meta property=\"og:locale\" content=\"de_DE\" \/>\n<meta property=\"og:type\" content=\"article\" \/>\n<meta property=\"og:title\" content=\"Impressum - inklusivearbeitgeber\" \/>\n<meta property=\"og:description\" content=\"\u00a0 Impressum f\u00fcr Inklusive Arbeitgeber Gem\u00e4ss den gesetzlichen Anforderungen der Schweiz (insbesondere Art. 3 des Bundesgesetzes gegen den unlauteren Wettbewerb, UWG) und zur Erh\u00f6hung der Transparenz stellen wir nachfolgend die Pflichtangaben zur Verf\u00fcgung. Verantwortlich f\u00fcr den Inhalt der Website Stiftung ProfilArbeit &amp; HandicapPostfach8032 Z\u00fcrich\u00a0Schweiz Telefon: 058 775 2020E-Mail: info@profil.chWebsite: profil.ch Haftungsausschluss Trotz sorgf\u00e4ltiger Kontrolle \u00fcbernehmen wir keine Haftung f\u00fcr die Inhalte externer Links. F\u00fcr den Inhalt der verlinkten Seiten sind ausschliesslich deren Betreiber verantwortlich. Urheberrecht Die Inhalte dieser Website sind urheberrechtlich gesch\u00fctzt. Jede Art der Vervielf\u00e4ltigung, Bearbeitung, Verbreitung und Verwertung ausserhalb der Grenzen des Urheberrechts bedarf der schriftlichen Zustimmung von inklusive Arbeitgeber. Downloads und Kopien dieser Seite sind nur f\u00fcr den privaten, nicht-kommerziellen Gebrauch gestattet. (Stand: 11\/2024)\" \/>\n<meta property=\"og:url\" content=\"https:\/\/inklusivearbeitgeber.ch\/?page_id=33\" \/>\n<meta property=\"og:site_name\" content=\"inklusivearbeitgeber\" \/>\n<meta property=\"article:modified_time\" content=\"2024-11-20T13:52:45+00:00\" \/>\n<meta name=\"twitter:card\" content=\"summary_large_image\" \/>\n<meta name=\"twitter:label1\" content=\"Gesch\u00e4tzte Lesezeit\" \/>\n\t<meta name=\"twitter:data1\" content=\"1\u00a0Minute\" \/>\n<script type=\"application\/ld+json\" class=\"yoast-schema-graph\">{\"@context\":\"https:\/\/schema.org\",\"@graph\":[{\"@type\":\"WebPage\",\"@id\":\"https:\/\/inklusivearbeitgeber.ch\/?page_id=33\",\"url\":\"https:\/\/inklusivearbeitgeber.ch\/?page_id=33\",\"name\":\"Impressum - inklusivearbeitgeber\",\"isPartOf\":{\"@id\":\"https:\/\/inklusivearbeitgeber.ch\/#website\"},\"datePublished\":\"2024-11-20T12:40:27+00:00\",\"dateModified\":\"2024-11-20T13:52:45+00:00\",\"breadcrumb\":{\"@id\":\"https:\/\/inklusivearbeitgeber.ch\/?page_id=33#breadcrumb\"},\"inLanguage\":\"de\",\"potentialAction\":[{\"@type\":\"ReadAction\",\"target\":[\"https:\/\/inklusivearbeitgeber.ch\/?page_id=33\"]}]},{\"@type\":\"BreadcrumbList\",\"@id\":\"https:\/\/inklusivearbeitgeber.ch\/?page_id=33#breadcrumb\",\"itemListElement\":[{\"@type\":\"ListItem\",\"position\":1,\"name\":\"Startseite\",\"item\":\"https:\/\/inklusivearbeitgeber.ch\/\"},{\"@type\":\"ListItem\",\"position\":2,\"name\":\"Impressum\"}]},{\"@type\":\"WebSite\",\"@id\":\"https:\/\/inklusivearbeitgeber.ch\/#website\",\"url\":\"https:\/\/inklusivearbeitgeber.ch\/\",\"name\":\"inklusivearbeitgeber\",\"description\":\"\",\"publisher\":{\"@id\":\"https:\/\/inklusivearbeitgeber.ch\/#organization\"},\"potentialAction\":[{\"@type\":\"SearchAction\",\"target\":{\"@type\":\"EntryPoint\",\"urlTemplate\":\"https:\/\/inklusivearbeitgeber.ch\/?s={search_term_string}\"},\"query-input\":{\"@type\":\"PropertyValueSpecification\",\"valueRequired\":true,\"valueName\":\"search_term_string\"}}],\"inLanguage\":\"de\"},{\"@type\":\"Organization\",\"@id\":\"https:\/\/inklusivearbeitgeber.ch\/#organization\",\"name\":\"inklusivearbeitgeber\",\"url\":\"https:\/\/inklusivearbeitgeber.ch\/\",\"logo\":{\"@type\":\"ImageObject\",\"inLanguage\":\"de\",\"@id\":\"https:\/\/inklusivearbeitgeber.ch\/#\/schema\/logo\/image\/\",\"url\":\"https:\/\/inklusivearbeitgeber.ch\/wp-content\/uploads\/2025\/09\/Logo_rgb-RZ-scaled.png\",\"contentUrl\":\"https:\/\/inklusivearbeitgeber.ch\/wp-content\/uploads\/2025\/09\/Logo_rgb-RZ-scaled.png\",\"width\":2560,\"height\":1351,\"caption\":\"inklusivearbeitgeber\"},\"image\":{\"@id\":\"https:\/\/inklusivearbeitgeber.ch\/#\/schema\/logo\/image\/\"}}]}<\/script>\n<!-- \/ Yoast SEO plugin. -->","yoast_head_json":{"title":"Impressum - inklusivearbeitgeber","robots":{"index":"index","follow":"follow","max-snippet":"max-snippet:-1","max-image-preview":"max-image-preview:large","max-video-preview":"max-video-preview:-1"},"canonical":"https:\/\/inklusivearbeitgeber.ch\/?page_id=33","og_locale":"de_DE","og_type":"article","og_title":"Impressum - inklusivearbeitgeber","og_description":"\u00a0 Impressum f\u00fcr Inklusive Arbeitgeber Gem\u00e4ss den gesetzlichen Anforderungen der Schweiz (insbesondere Art. 3 des Bundesgesetzes gegen den unlauteren Wettbewerb, UWG) und zur Erh\u00f6hung der Transparenz stellen wir nachfolgend die Pflichtangaben zur Verf\u00fcgung. Verantwortlich f\u00fcr den Inhalt der Website Stiftung ProfilArbeit &amp; HandicapPostfach8032 Z\u00fcrich\u00a0Schweiz Telefon: 058 775 2020E-Mail: info@profil.chWebsite: profil.ch Haftungsausschluss Trotz sorgf\u00e4ltiger Kontrolle \u00fcbernehmen wir keine Haftung f\u00fcr die Inhalte externer Links. F\u00fcr den Inhalt der verlinkten Seiten sind ausschliesslich deren Betreiber verantwortlich. Urheberrecht Die Inhalte dieser Website sind urheberrechtlich gesch\u00fctzt. Jede Art der Vervielf\u00e4ltigung, Bearbeitung, Verbreitung und Verwertung ausserhalb der Grenzen des Urheberrechts bedarf der schriftlichen Zustimmung von inklusive Arbeitgeber. Downloads und Kopien dieser Seite sind nur f\u00fcr den privaten, nicht-kommerziellen Gebrauch gestattet. (Stand: 11\/2024)","og_url":"https:\/\/inklusivearbeitgeber.ch\/?page_id=33","og_site_name":"inklusivearbeitgeber","article_modified_time":"2024-11-20T13:52:45+00:00","twitter_card":"summary_large_image","twitter_misc":{"Gesch\u00e4tzte Lesezeit":"1\u00a0Minute"},"schema":{"@context":"https:\/\/schema.org","@graph":[{"@type":"WebPage","@id":"https:\/\/inklusivearbeitgeber.ch\/?page_id=33","url":"https:\/\/inklusivearbeitgeber.ch\/?page_id=33","name":"Impressum - inklusivearbeitgeber","isPartOf":{"@id":"https:\/\/inklusivearbeitgeber.ch\/#website"},"datePublished":"2024-11-20T12:40:27+00:00","dateModified":"2024-11-20T13:52:45+00:00","breadcrumb":{"@id":"https:\/\/inklusivearbeitgeber.ch\/?page_id=33#breadcrumb"},"inLanguage":"de","potentialAction":[{"@type":"ReadAction","target":["https:\/\/inklusivearbeitgeber.ch\/?page_id=33"]}]},{"@type":"BreadcrumbList","@id":"https:\/\/inklusivearbeitgeber.ch\/?page_id=33#breadcrumb","itemListElement":[{"@type":"ListItem","position":1,"name":"Startseite","item":"https:\/\/inklusivearbeitgeber.ch\/"},{"@type":"ListItem","position":2,"name":"Impressum"}]},{"@type":"WebSite","@id":"https:\/\/inklusivearbeitgeber.ch\/#website","url":"https:\/\/inklusivearbeitgeber.ch\/","name":"inklusivearbeitgeber","description":"","publisher":{"@id":"https:\/\/inklusivearbeitgeber.ch\/#organization"},"potentialAction":[{"@type":"SearchAction","target":{"@type":"EntryPoint","urlTemplate":"https:\/\/inklusivearbeitgeber.ch\/?s={search_term_string}"},"query-input":{"@type":"PropertyValueSpecification","valueRequired":true,"valueName":"search_term_string"}}],"inLanguage":"de"},{"@type":"Organization","@id":"https:\/\/inklusivearbeitgeber.ch\/#organization","name":"inklusivearbeitgeber","url":"https:\/\/inklusivearbeitgeber.ch\/","logo":{"@type":"ImageObject","inLanguage":"de","@id":"https:\/\/inklusivearbeitgeber.ch\/#\/schema\/logo\/image\/","url":"https:\/\/inklusivearbeitgeber.ch\/wp-content\/uploads\/2025\/09\/Logo_rgb-RZ-scaled.png","contentUrl":"https:\/\/inklusivearbeitgeber.ch\/wp-content\/uploads\/2025\/09\/Logo_rgb-RZ-scaled.png","width":2560,"height":1351,"caption":"inklusivearbeitgeber"},"image":{"@id":"https:\/\/inklusivearbeitgeber.ch\/#\/schema\/logo\/image\/"}}]}},"ticketed":false,"_links":{"self":[{"href":"https:\/\/inklusivearbeitgeber.ch\/index.php?rest_route=\/wp\/v2\/pages\/33","targetHints":{"allow":["GET"]}}],"collection":[{"href":"https:\/\/inklusivearbeitgeber.ch\/index.php?rest_route=\/wp\/v2\/pages"}],"about":[{"href":"https:\/\/inklusivearbeitgeber.ch\/index.php?rest_route=\/wp\/v2\/types\/page"}],"author":[{"embeddable":true,"href":"https:\/\/inklusivearbeitgeber.ch\/index.php?rest_route=\/wp\/v2\/users\/3"}],"replies":[{"embeddable":true,"href":"https:\/\/inklusivearbeitgeber.ch\/index.php?rest_route=%2Fwp%2Fv2%2Fcomments&post=33"}],"version-history":[{"count":11,"href":"https:\/\/inklusivearbeitgeber.ch\/index.php?rest_route=\/wp\/v2\/pages\/33\/revisions"}],"predecessor-version":[{"id":237,"href":"https:\/\/inklusivearbeitgeber.ch\/index.php?rest_route=\/wp\/v2\/pages\/33\/revisions\/237"}],"wp:attachment":[{"href":"https:\/\/inklusivearbeitgeber.ch\/index.php?rest_route=%2Fwp%2Fv2%2Fmedia&parent=33"}],"curies":[{"name":"wp","href":"https:\/\/api.w.org\/{rel}","templated":true}]}}