{"id":6,"date":"2024-11-05T14:49:33","date_gmt":"2024-11-05T14:49:33","guid":{"rendered":"https:\/\/inklusivearbeitgeber.ch\/?page_id=6"},"modified":"2026-03-10T15:22:50","modified_gmt":"2026-03-10T15:22:50","slug":"home","status":"publish","type":"page","link":"https:\/\/inklusivearbeitgeber.ch\/","title":{"rendered":"Home"},"content":{"rendered":"\t\t<div data-elementor-type=\"wp-page\" data-elementor-id=\"6\" class=\"elementor elementor-6\" data-elementor-post-type=\"page\">\n\t\t\t\t<div class=\"elementor-element elementor-element-b1c81b8 e-flex e-con-boxed wpr-particle-no wpr-jarallax-no wpr-parallax-no wpr-sticky-section-no e-con e-parent\" data-id=\"b1c81b8\" data-element_type=\"container\">\n\t\t\t\t\t<div class=\"e-con-inner\">\n\t\t\t\t<div class=\"elementor-element elementor-element-f6fd2f3 elementor-widget elementor-widget-image\" data-id=\"f6fd2f3\" data-element_type=\"widget\" data-widget_type=\"image.default\">\n\t\t\t\t<div class=\"elementor-widget-container\">\n\t\t\t\t\t\t\t\t\t\t\t\t\t\t\t<img fetchpriority=\"high\" decoding=\"async\" width=\"768\" height=\"384\" src=\"https:\/\/inklusivearbeitgeber.ch\/wp-content\/uploads\/2024\/11\/inclusion-7197545_1280-768x384.png\" class=\"attachment-medium_large size-medium_large wp-image-198\" alt=\"\" srcset=\"https:\/\/inklusivearbeitgeber.ch\/wp-content\/uploads\/2024\/11\/inclusion-7197545_1280-768x384.png 768w, https:\/\/inklusivearbeitgeber.ch\/wp-content\/uploads\/2024\/11\/inclusion-7197545_1280-300x150.png 300w, https:\/\/inklusivearbeitgeber.ch\/wp-content\/uploads\/2024\/11\/inclusion-7197545_1280-1024x512.png 1024w, https:\/\/inklusivearbeitgeber.ch\/wp-content\/uploads\/2024\/11\/inclusion-7197545_1280.png 1280w\" sizes=\"(max-width: 768px) 100vw, 768px\" \/>\t\t\t\t\t\t\t\t\t\t\t\t\t\t\t<\/div>\n\t\t\t\t<\/div>\n\t\t\t\t\t<\/div>\n\t\t\t\t<\/div>\n\t\t<div class=\"elementor-element elementor-element-e907955 e-flex e-con-boxed wpr-particle-no wpr-jarallax-no wpr-parallax-no wpr-sticky-section-no e-con e-parent\" data-id=\"e907955\" data-element_type=\"container\">\n\t\t\t\t\t<div class=\"e-con-inner\">\n\t\t<div class=\"elementor-element elementor-element-25e4be3 e-con-full e-flex wpr-particle-no wpr-jarallax-no wpr-parallax-no wpr-sticky-section-no e-con e-child\" data-id=\"25e4be3\" data-element_type=\"container\">\n\t\t\t\t<div class=\"elementor-element elementor-element-457d76e elementor-widget elementor-widget-text-editor\" data-id=\"457d76e\" data-element_type=\"widget\" data-widget_type=\"text-editor.default\">\n\t\t\t\t<div class=\"elementor-widget-container\">\n\t\t\t\t\t\t\t\t\t<p>Willkommen beim Netzwerk <strong>Inklusive Arbeitgeber<\/strong>! Gemeinsam gestalten wir eine vielf\u00e4ltige und inklusive Arbeitswelt in den Regionen <a href=\"https:\/\/inklusivearbeitgeber.ch\/?page_id=9\" target=\"_blank\" rel=\"noopener\">Aargau<\/a> und <a href=\"https:\/\/inklusivearbeitgeber.ch\/?page_id=707\" target=\"_blank\" rel=\"noopener\">Z\u00fcrich<\/a>.\u00a0<\/p>\t\t\t\t\t\t\t\t<\/div>\n\t\t\t\t<\/div>\n\t\t\t\t<div class=\"elementor-element elementor-element-2f0777e elementor-widget elementor-widget-text-editor\" data-id=\"2f0777e\" data-element_type=\"widget\" data-widget_type=\"text-editor.default\">\n\t\t\t\t<div class=\"elementor-widget-container\">\n\t\t\t\t\t\t\t\t\t<p><strong><span class=\"TextRun SCXW8169858 BCX8\" lang=\"DE-DE\" xml:lang=\"DE-DE\" data-contrast=\"auto\"><span class=\"NormalTextRun SCXW8169858 BCX8\">Unsere Vision<\/span><\/span><span class=\"LineBreakBlob BlobObject DragDrop SCXW8169858 BCX8\"><span class=\"SCXW8169858 BCX8\">\u00a0<\/span><\/span><\/strong><\/p><p>Dieses Netzwerk aus inklusiven Arbeitgebern setzt sich daf\u00fcr ein, dass Arbeitskr\u00e4fte mit Behinderungen oder einer gesundheitlichen Beeintr\u00e4chtigung auf dem allgemeinen Arbeitsmarkt erfolgreich Fuss fassen. Durch den Abbau von Barrieren und das Schaffen von Chancen wollen wir einen Beitrag zu einem inklusiven Arbeitsmarkt leisten.<\/p>\t\t\t\t\t\t\t\t<\/div>\n\t\t\t\t<\/div>\n\t\t\t\t<\/div>\n\t\t\t\t\t<\/div>\n\t\t\t\t<\/div>\n\t\t<div class=\"elementor-element elementor-element-163fc33 e-flex e-con-boxed wpr-particle-no wpr-jarallax-no wpr-parallax-no wpr-sticky-section-no e-con e-parent\" data-id=\"163fc33\" data-element_type=\"container\">\n\t\t\t\t\t<div class=\"e-con-inner\">\n\t\t<div class=\"elementor-element elementor-element-bf308ed e-con-full e-flex wpr-particle-no wpr-jarallax-no wpr-parallax-no wpr-sticky-section-no e-con e-child\" data-id=\"bf308ed\" data-element_type=\"container\">\n\t\t\t\t<div class=\"elementor-element elementor-element-3916d4d elementor-widget elementor-widget-text-editor\" data-id=\"3916d4d\" data-element_type=\"widget\" data-widget_type=\"text-editor.default\">\n\t\t\t\t<div class=\"elementor-widget-container\">\n\t\t\t\t\t\t\t\t\t<p><b><span data-contrast=\"auto\">Unsere Ziele<\/span><\/b><span data-ccp-props=\"{&quot;134233117&quot;:true,&quot;134233118&quot;:true,&quot;201341983&quot;:0,&quot;335559738&quot;:120,&quot;335559739&quot;:0,&quot;335559740&quot;:240}\">\u00a0<\/span><\/p><ul><li><strong>Aufkl\u00e4rung und Bewusstseinsbildung:<\/strong>\u00a0Wir informieren und sensibilisieren die Arbeitswelt f\u00fcr die Potenziale von Menschen mit Behinderungen und gesundheitlichen Einschr\u00e4nkungen.\u00a0<\/li><li><strong>Bef\u00e4higung der Arbeitgeber:<\/strong>\u00a0Wir bieten Arbeitgebern praxisnahe Unterst\u00fctzung und vermitteln Wissen rund um die Themen Inklusion und Behinderung im Berufsleben.\u00a0<\/li><li><strong>Vernetzung und Austausch:<\/strong>\u00a0Engagierte Arbeitgeber k\u00f6nnen sich in unserem Netzwerk austauschen, von den Erfahrungen anderer profitieren und wertvolle Kontakte kn\u00fcpfen.\u00a0<\/li><li><strong>Gewinnung von neuen Arbeitgebern:<\/strong>\u00a0Wir m\u00f6chten weitere Unternehmen f\u00fcr die Vorteile einer inklusiven Unternehmenskultur gewinnen und sie auf ihrem Weg begleiten.\u00a0<\/li><\/ul>\t\t\t\t\t\t\t\t<\/div>\n\t\t\t\t<\/div>\n\t\t\t\t<\/div>\n\t\t\t\t\t<\/div>\n\t\t\t\t<\/div>\n\t\t<div class=\"elementor-element elementor-element-fdd4dbd e-flex e-con-boxed wpr-particle-no wpr-jarallax-no wpr-parallax-no wpr-sticky-section-no e-con e-parent\" data-id=\"fdd4dbd\" data-element_type=\"container\">\n\t\t\t\t\t<div class=\"e-con-inner\">\n\t\t<div class=\"elementor-element elementor-element-0fbfdfb e-con-full e-flex wpr-particle-no wpr-jarallax-no wpr-parallax-no wpr-sticky-section-no e-con e-child\" data-id=\"0fbfdfb\" data-element_type=\"container\">\n\t\t\t\t<div class=\"elementor-element elementor-element-19bf29f elementor-widget elementor-widget-text-editor\" data-id=\"19bf29f\" data-element_type=\"widget\" data-widget_type=\"text-editor.default\">\n\t\t\t\t<div class=\"elementor-widget-container\">\n\t\t\t\t\t\t\t\t\t<p><b><span data-contrast=\"auto\">Ihr Nutzen als Arbeitgeber<\/span><\/b>\u00a0<br \/><span data-contrast=\"auto\">Teilnehmende Unternehmen profitieren auf vielf\u00e4ltige Weise:<\/span><span data-ccp-props=\"{&quot;134233117&quot;:true,&quot;134233118&quot;:true,&quot;201341983&quot;:0,&quot;335559738&quot;:120,&quot;335559739&quot;:0,&quot;335559740&quot;:240}\">\u00a0<\/span><\/p><ul><li><strong>Vernetzung mit Gleichgesinnten:<\/strong>\u00a0Schliessen Sie sich einem starken Netzwerk an, um von den Erfahrungen anderer zu lernen.\u00a0<\/li><li><strong>Weiterentwicklung durch fachliche Inputs:<\/strong>\u00a0Nutzen Sie unser Fachwissen, um Ihre Personalstrategie zu optimieren.\u00a0<\/li><li><strong>Arbeitskr\u00e4ftepotential erweitern:<\/strong>\u00a0Erschliessen Sie ungenutzte Talente und begegnen Sie so dem Fachkr\u00e4ftemangel.\u00a0<\/li><li><strong>Erweiterung Ihrer Netzwerke:<\/strong>\u00a0Profitieren Sie von neuen Gesch\u00e4ftskontakten und Partnerschaften.\u00a0<\/li><li><strong>Sichtbarkeit Ihres Engagements:<\/strong>\u00a0Zeigen Sie Ihre gesellschaftliche Verantwortung und st\u00e4rken Sie Ihr Image.\u00a0<\/li><li><strong>Inklusive Unternehmenskultur:<\/strong>\u00a0Gestalten Sie ein Arbeitsumfeld, das Vielfalt und Chancengleichheit lebt.\u00a0<\/li><\/ul>\t\t\t\t\t\t\t\t<\/div>\n\t\t\t\t<\/div>\n\t\t\t\t<\/div>\n\t\t\t\t\t<\/div>\n\t\t\t\t<\/div>\n\t\t<div class=\"elementor-element elementor-element-4e0fbd0 e-flex e-con-boxed wpr-particle-no wpr-jarallax-no wpr-parallax-no wpr-sticky-section-no e-con e-parent\" data-id=\"4e0fbd0\" data-element_type=\"container\">\n\t\t\t\t\t<div class=\"e-con-inner\">\n\t\t\t\t<div class=\"elementor-element elementor-element-c99d482 elementor-widget-divider--view-line elementor-widget elementor-widget-divider\" data-id=\"c99d482\" data-element_type=\"widget\" data-widget_type=\"divider.default\">\n\t\t\t\t<div class=\"elementor-widget-container\">\n\t\t\t\t\t\t\t<div class=\"elementor-divider\">\n\t\t\t<span class=\"elementor-divider-separator\">\n\t\t\t\t\t\t<\/span>\n\t\t<\/div>\n\t\t\t\t\t\t<\/div>\n\t\t\t\t<\/div>\n\t\t\t\t\t<\/div>\n\t\t\t\t<\/div>\n\t\t<div class=\"elementor-element elementor-element-6a7bbbd e-flex e-con-boxed wpr-particle-no wpr-jarallax-no wpr-parallax-no wpr-sticky-section-no e-con e-parent\" data-id=\"6a7bbbd\" data-element_type=\"container\">\n\t\t\t\t\t<div class=\"e-con-inner\">\n\t\t\t\t<div class=\"elementor-element elementor-element-3d21553 elementor-widget elementor-widget-text-editor\" data-id=\"3d21553\" data-element_type=\"widget\" data-widget_type=\"text-editor.default\">\n\t\t\t\t<div class=\"elementor-widget-container\">\n\t\t\t\t\t\t\t\t\t<p><strong>Jetzt Mitmachen!<\/strong><\/p><p>Auch Sie k\u00f6nnen ganz einfach Teil dieses Netzwerks werden. Es gibt drei verschiedene M\u00f6glichkeiten bei Inklusive Arbeitgeber mitzuwirken:<\/p><p><strong>Basic:<\/strong>\u00a0Eintrag auf einer Adressliste \u2013 Sie werden zu den Aktivit\u00e4ten eingeladen<br \/><strong>Commitment:\u00a0<\/strong>Sie platzieren auf der Homepage von Inklusive Arbeitgeber ihr Logo und ein Statement \u2013 ihr Engagement wird sichtbar.\u00a0<br \/><strong>Label:\u00a0<\/strong>Sie werden Labeltr\u00e4ger von iPunkt uns stehen f\u00fcr Inklusion voll ein.<\/p>\t\t\t\t\t\t\t\t<\/div>\n\t\t\t\t<\/div>\n\t\t\t\t\t<\/div>\n\t\t\t\t<\/div>\n\t\t<div class=\"elementor-element elementor-element-0ddbe16 e-flex e-con-boxed wpr-particle-no wpr-jarallax-no wpr-parallax-no wpr-sticky-section-no e-con e-parent\" data-id=\"0ddbe16\" data-element_type=\"container\">\n\t\t\t\t\t<div class=\"e-con-inner\">\n\t\t\t\t<div class=\"elementor-element elementor-element-fce6e88 elementor-align-center elementor-widget elementor-widget-button\" data-id=\"fce6e88\" data-element_type=\"widget\" data-widget_type=\"button.default\">\n\t\t\t\t<div class=\"elementor-widget-container\">\n\t\t\t\t\t\t\t\t\t<div class=\"elementor-button-wrapper\">\n\t\t\t\t\t<a class=\"elementor-button elementor-button-link elementor-size-sm\" href=\"https:\/\/inklusivearbeitgeber.ch\/?page_id=64\">\n\t\t\t\t\t\t<span class=\"elementor-button-content-wrapper\">\n\t\t\t\t\t\t\t\t\t<span class=\"elementor-button-text\">Jetzt Mitmachen<\/span>\n\t\t\t\t\t<\/span>\n\t\t\t\t\t<\/a>\n\t\t\t\t<\/div>\n\t\t\t\t\t\t\t\t<\/div>\n\t\t\t\t<\/div>\n\t\t\t\t\t<\/div>\n\t\t\t\t<\/div>\n\t\t\t\t<\/div>\n\t\t","protected":false},"excerpt":{"rendered":"<p>Willkommen beim Netzwerk Inklusive Arbeitgeber! Gemeinsam gestalten wir eine vielf\u00e4ltige und inklusive Arbeitswelt in den Regionen Aargau und Z\u00fcrich.\u00a0 Unsere Vision\u00a0 Dieses Netzwerk aus inklusiven Arbeitgebern setzt sich daf\u00fcr ein, dass Arbeitskr\u00e4fte mit Behinderungen oder einer gesundheitlichen Beeintr\u00e4chtigung auf dem allgemeinen Arbeitsmarkt erfolgreich Fuss fassen. Durch den Abbau von Barrieren und das Schaffen von Chancen wollen wir einen Beitrag zu einem inklusiven Arbeitsmarkt leisten. Unsere Ziele\u00a0 Aufkl\u00e4rung und Bewusstseinsbildung:\u00a0Wir informieren und sensibilisieren die Arbeitswelt f\u00fcr die Potenziale von Menschen mit Behinderungen und gesundheitlichen Einschr\u00e4nkungen.\u00a0 Bef\u00e4higung der Arbeitgeber:\u00a0Wir bieten Arbeitgebern praxisnahe Unterst\u00fctzung und vermitteln Wissen rund um die Themen Inklusion und Behinderung im Berufsleben.\u00a0 Vernetzung und Austausch:\u00a0Engagierte Arbeitgeber k\u00f6nnen sich in unserem Netzwerk austauschen, von den Erfahrungen anderer profitieren und wertvolle Kontakte kn\u00fcpfen.\u00a0 Gewinnung von neuen Arbeitgebern:\u00a0Wir m\u00f6chten weitere Unternehmen f\u00fcr die Vorteile einer inklusiven Unternehmenskultur gewinnen und sie auf ihrem Weg begleiten.\u00a0 Ihr Nutzen als Arbeitgeber\u00a0Teilnehmende Unternehmen profitieren auf vielf\u00e4ltige Weise:\u00a0 Vernetzung mit Gleichgesinnten:\u00a0Schliessen Sie sich einem starken Netzwerk an, um von den Erfahrungen anderer zu lernen.\u00a0 Weiterentwicklung durch fachliche Inputs:\u00a0Nutzen Sie unser Fachwissen, um Ihre Personalstrategie zu optimieren.\u00a0 Arbeitskr\u00e4ftepotential erweitern:\u00a0Erschliessen Sie ungenutzte Talente und begegnen Sie so dem Fachkr\u00e4ftemangel.\u00a0 Erweiterung Ihrer Netzwerke:\u00a0Profitieren Sie von neuen Gesch\u00e4ftskontakten und Partnerschaften.\u00a0 Sichtbarkeit Ihres Engagements:\u00a0Zeigen Sie Ihre gesellschaftliche Verantwortung und st\u00e4rken Sie Ihr Image.\u00a0 Inklusive Unternehmenskultur:\u00a0Gestalten Sie ein Arbeitsumfeld, das Vielfalt und Chancengleichheit lebt.\u00a0 Jetzt Mitmachen! Auch Sie k\u00f6nnen ganz einfach Teil dieses Netzwerks werden. Es gibt drei verschiedene M\u00f6glichkeiten bei Inklusive Arbeitgeber mitzuwirken: Basic:\u00a0Eintrag auf einer Adressliste \u2013 Sie werden zu den Aktivit\u00e4ten eingeladenCommitment:\u00a0Sie platzieren auf der Homepage von Inklusive Arbeitgeber ihr Logo und ein Statement \u2013 ihr Engagement wird sichtbar.\u00a0Label:\u00a0Sie werden Labeltr\u00e4ger von iPunkt uns stehen f\u00fcr Inklusion voll ein. Jetzt Mitmachen<\/p>\n","protected":false},"author":1,"featured_media":0,"parent":0,"menu_order":0,"comment_status":"closed","ping_status":"closed","template":"","meta":{"_price":"","_stock":"","_tribe_ticket_header":"","_tribe_default_ticket_provider":"","_ticket_start_date":"","_ticket_end_date":"","_tribe_ticket_show_description":"","_tribe_ticket_show_not_going":false,"_tribe_ticket_use_global_stock":"","_tribe_ticket_global_stock_level":"","_global_stock_mode":"","_global_stock_cap":"","_tribe_rsvp_for_event":"","_tribe_ticket_going_count":"","_tribe_ticket_not_going_count":"","_tribe_tickets_list":"[]","_tribe_ticket_has_attendee_info_fields":false,"footnotes":"","_tec_slr_enabled":"","_tec_slr_layout":""},"class_list":["post-6","page","type-page","status-publish","hentry"],"yoast_head":"<!-- This site is optimized with the Yoast SEO plugin v26.6 - https:\/\/yoast.com\/wordpress\/plugins\/seo\/ -->\n<title>Home - inklusivearbeitgeber<\/title>\n<meta name=\"description\" content=\"Netzwerk inklusiver Arbeitgeber in der Schweiz. Lernen Sie alles \u00fcber uns, unsere Werte und unsere Arbeit kennen.\" \/>\n<meta name=\"robots\" content=\"index, follow, max-snippet:-1, max-image-preview:large, max-video-preview:-1\" \/>\n<link rel=\"canonical\" href=\"https:\/\/inklusivearbeitgeber.ch\/\" \/>\n<meta property=\"og:locale\" content=\"de_DE\" \/>\n<meta property=\"og:type\" content=\"article\" \/>\n<meta property=\"og:title\" content=\"Home - inklusivearbeitgeber\" \/>\n<meta property=\"og:description\" content=\"Netzwerk inklusiver Arbeitgeber in der Schweiz. Lernen Sie alles \u00fcber uns, unsere Werte und unsere Arbeit kennen.\" \/>\n<meta property=\"og:url\" content=\"https:\/\/inklusivearbeitgeber.ch\/\" \/>\n<meta property=\"og:site_name\" content=\"inklusivearbeitgeber\" \/>\n<meta property=\"article:modified_time\" content=\"2026-03-10T15:22:50+00:00\" \/>\n<meta property=\"og:image\" content=\"https:\/\/inklusivearbeitgeber.ch\/wp-content\/uploads\/2024\/11\/inclusion-7197545_1280.png\" \/>\n\t<meta property=\"og:image:width\" content=\"1280\" \/>\n\t<meta property=\"og:image:height\" content=\"640\" \/>\n\t<meta property=\"og:image:type\" content=\"image\/png\" \/>\n<meta name=\"twitter:card\" content=\"summary_large_image\" \/>\n<meta name=\"twitter:label1\" content=\"Gesch\u00e4tzte Lesezeit\" \/>\n\t<meta name=\"twitter:data1\" content=\"2\u00a0Minuten\" \/>\n<script type=\"application\/ld+json\" class=\"yoast-schema-graph\">{\"@context\":\"https:\/\/schema.org\",\"@graph\":[{\"@type\":\"WebPage\",\"@id\":\"https:\/\/inklusivearbeitgeber.ch\/\",\"url\":\"https:\/\/inklusivearbeitgeber.ch\/\",\"name\":\"Home - inklusivearbeitgeber\",\"isPartOf\":{\"@id\":\"https:\/\/inklusivearbeitgeber.ch\/#website\"},\"primaryImageOfPage\":{\"@id\":\"https:\/\/inklusivearbeitgeber.ch\/#primaryimage\"},\"image\":{\"@id\":\"https:\/\/inklusivearbeitgeber.ch\/#primaryimage\"},\"thumbnailUrl\":\"https:\/\/inklusivearbeitgeber.ch\/wp-content\/uploads\/2024\/11\/inclusion-7197545_1280-768x384.png\",\"datePublished\":\"2024-11-05T14:49:33+00:00\",\"dateModified\":\"2026-03-10T15:22:50+00:00\",\"description\":\"Netzwerk inklusiver Arbeitgeber in der Schweiz. Lernen Sie alles \u00fcber uns, unsere Werte und unsere Arbeit kennen.\",\"breadcrumb\":{\"@id\":\"https:\/\/inklusivearbeitgeber.ch\/#breadcrumb\"},\"inLanguage\":\"de\",\"potentialAction\":[{\"@type\":\"ReadAction\",\"target\":[\"https:\/\/inklusivearbeitgeber.ch\/\"]}]},{\"@type\":\"ImageObject\",\"inLanguage\":\"de\",\"@id\":\"https:\/\/inklusivearbeitgeber.ch\/#primaryimage\",\"url\":\"https:\/\/inklusivearbeitgeber.ch\/wp-content\/uploads\/2024\/11\/inclusion-7197545_1280.png\",\"contentUrl\":\"https:\/\/inklusivearbeitgeber.ch\/wp-content\/uploads\/2024\/11\/inclusion-7197545_1280.png\",\"width\":1280,\"height\":640},{\"@type\":\"BreadcrumbList\",\"@id\":\"https:\/\/inklusivearbeitgeber.ch\/#breadcrumb\",\"itemListElement\":[{\"@type\":\"ListItem\",\"position\":1,\"name\":\"Startseite\",\"item\":\"https:\/\/inklusivearbeitgeber.ch\/\"},{\"@type\":\"ListItem\",\"position\":2,\"name\":\"Home\"}]},{\"@type\":\"WebSite\",\"@id\":\"https:\/\/inklusivearbeitgeber.ch\/#website\",\"url\":\"https:\/\/inklusivearbeitgeber.ch\/\",\"name\":\"inklusivearbeitgeber\",\"description\":\"\",\"publisher\":{\"@id\":\"https:\/\/inklusivearbeitgeber.ch\/#organization\"},\"potentialAction\":[{\"@type\":\"SearchAction\",\"target\":{\"@type\":\"EntryPoint\",\"urlTemplate\":\"https:\/\/inklusivearbeitgeber.ch\/?s={search_term_string}\"},\"query-input\":{\"@type\":\"PropertyValueSpecification\",\"valueRequired\":true,\"valueName\":\"search_term_string\"}}],\"inLanguage\":\"de\"},{\"@type\":\"Organization\",\"@id\":\"https:\/\/inklusivearbeitgeber.ch\/#organization\",\"name\":\"inklusivearbeitgeber\",\"url\":\"https:\/\/inklusivearbeitgeber.ch\/\",\"logo\":{\"@type\":\"ImageObject\",\"inLanguage\":\"de\",\"@id\":\"https:\/\/inklusivearbeitgeber.ch\/#\/schema\/logo\/image\/\",\"url\":\"https:\/\/inklusivearbeitgeber.ch\/wp-content\/uploads\/2025\/09\/Logo_rgb-RZ-scaled.png\",\"contentUrl\":\"https:\/\/inklusivearbeitgeber.ch\/wp-content\/uploads\/2025\/09\/Logo_rgb-RZ-scaled.png\",\"width\":2560,\"height\":1351,\"caption\":\"inklusivearbeitgeber\"},\"image\":{\"@id\":\"https:\/\/inklusivearbeitgeber.ch\/#\/schema\/logo\/image\/\"}}]}<\/script>\n<!-- \/ Yoast SEO plugin. -->","yoast_head_json":{"title":"Home - inklusivearbeitgeber","description":"Netzwerk inklusiver Arbeitgeber in der Schweiz. Lernen Sie alles \u00fcber uns, unsere Werte und unsere Arbeit kennen.","robots":{"index":"index","follow":"follow","max-snippet":"max-snippet:-1","max-image-preview":"max-image-preview:large","max-video-preview":"max-video-preview:-1"},"canonical":"https:\/\/inklusivearbeitgeber.ch\/","og_locale":"de_DE","og_type":"article","og_title":"Home - inklusivearbeitgeber","og_description":"Netzwerk inklusiver Arbeitgeber in der Schweiz. Lernen Sie alles \u00fcber uns, unsere Werte und unsere Arbeit kennen.","og_url":"https:\/\/inklusivearbeitgeber.ch\/","og_site_name":"inklusivearbeitgeber","article_modified_time":"2026-03-10T15:22:50+00:00","og_image":[{"width":1280,"height":640,"url":"https:\/\/inklusivearbeitgeber.ch\/wp-content\/uploads\/2024\/11\/inclusion-7197545_1280.png","type":"image\/png"}],"twitter_card":"summary_large_image","twitter_misc":{"Gesch\u00e4tzte Lesezeit":"2\u00a0Minuten"},"schema":{"@context":"https:\/\/schema.org","@graph":[{"@type":"WebPage","@id":"https:\/\/inklusivearbeitgeber.ch\/","url":"https:\/\/inklusivearbeitgeber.ch\/","name":"Home - inklusivearbeitgeber","isPartOf":{"@id":"https:\/\/inklusivearbeitgeber.ch\/#website"},"primaryImageOfPage":{"@id":"https:\/\/inklusivearbeitgeber.ch\/#primaryimage"},"image":{"@id":"https:\/\/inklusivearbeitgeber.ch\/#primaryimage"},"thumbnailUrl":"https:\/\/inklusivearbeitgeber.ch\/wp-content\/uploads\/2024\/11\/inclusion-7197545_1280-768x384.png","datePublished":"2024-11-05T14:49:33+00:00","dateModified":"2026-03-10T15:22:50+00:00","description":"Netzwerk inklusiver Arbeitgeber in der Schweiz. Lernen Sie alles \u00fcber uns, unsere Werte und unsere Arbeit kennen.","breadcrumb":{"@id":"https:\/\/inklusivearbeitgeber.ch\/#breadcrumb"},"inLanguage":"de","potentialAction":[{"@type":"ReadAction","target":["https:\/\/inklusivearbeitgeber.ch\/"]}]},{"@type":"ImageObject","inLanguage":"de","@id":"https:\/\/inklusivearbeitgeber.ch\/#primaryimage","url":"https:\/\/inklusivearbeitgeber.ch\/wp-content\/uploads\/2024\/11\/inclusion-7197545_1280.png","contentUrl":"https:\/\/inklusivearbeitgeber.ch\/wp-content\/uploads\/2024\/11\/inclusion-7197545_1280.png","width":1280,"height":640},{"@type":"BreadcrumbList","@id":"https:\/\/inklusivearbeitgeber.ch\/#breadcrumb","itemListElement":[{"@type":"ListItem","position":1,"name":"Startseite","item":"https:\/\/inklusivearbeitgeber.ch\/"},{"@type":"ListItem","position":2,"name":"Home"}]},{"@type":"WebSite","@id":"https:\/\/inklusivearbeitgeber.ch\/#website","url":"https:\/\/inklusivearbeitgeber.ch\/","name":"inklusivearbeitgeber","description":"","publisher":{"@id":"https:\/\/inklusivearbeitgeber.ch\/#organization"},"potentialAction":[{"@type":"SearchAction","target":{"@type":"EntryPoint","urlTemplate":"https:\/\/inklusivearbeitgeber.ch\/?s={search_term_string}"},"query-input":{"@type":"PropertyValueSpecification","valueRequired":true,"valueName":"search_term_string"}}],"inLanguage":"de"},{"@type":"Organization","@id":"https:\/\/inklusivearbeitgeber.ch\/#organization","name":"inklusivearbeitgeber","url":"https:\/\/inklusivearbeitgeber.ch\/","logo":{"@type":"ImageObject","inLanguage":"de","@id":"https:\/\/inklusivearbeitgeber.ch\/#\/schema\/logo\/image\/","url":"https:\/\/inklusivearbeitgeber.ch\/wp-content\/uploads\/2025\/09\/Logo_rgb-RZ-scaled.png","contentUrl":"https:\/\/inklusivearbeitgeber.ch\/wp-content\/uploads\/2025\/09\/Logo_rgb-RZ-scaled.png","width":2560,"height":1351,"caption":"inklusivearbeitgeber"},"image":{"@id":"https:\/\/inklusivearbeitgeber.ch\/#\/schema\/logo\/image\/"}}]}},"ticketed":false,"_links":{"self":[{"href":"https:\/\/inklusivearbeitgeber.ch\/index.php?rest_route=\/wp\/v2\/pages\/6","targetHints":{"allow":["GET"]}}],"collection":[{"href":"https:\/\/inklusivearbeitgeber.ch\/index.php?rest_route=\/wp\/v2\/pages"}],"about":[{"href":"https:\/\/inklusivearbeitgeber.ch\/index.php?rest_route=\/wp\/v2\/types\/page"}],"author":[{"embeddable":true,"href":"https:\/\/inklusivearbeitgeber.ch\/index.php?rest_route=\/wp\/v2\/users\/1"}],"replies":[{"embeddable":true,"href":"https:\/\/inklusivearbeitgeber.ch\/index.php?rest_route=%2Fwp%2Fv2%2Fcomments&post=6"}],"version-history":[{"count":70,"href":"https:\/\/inklusivearbeitgeber.ch\/index.php?rest_route=\/wp\/v2\/pages\/6\/revisions"}],"predecessor-version":[{"id":1720,"href":"https:\/\/inklusivearbeitgeber.ch\/index.php?rest_route=\/wp\/v2\/pages\/6\/revisions\/1720"}],"wp:attachment":[{"href":"https:\/\/inklusivearbeitgeber.ch\/index.php?rest_route=%2Fwp%2Fv2%2Fmedia&parent=6"}],"curies":[{"name":"wp","href":"https:\/\/api.w.org\/{rel}","templated":true}]}}