{"id":64,"date":"2024-11-06T07:45:16","date_gmt":"2024-11-06T07:45:16","guid":{"rendered":"https:\/\/inklusivearbeitgeber.ch\/?page_id=64"},"modified":"2025-09-01T11:08:57","modified_gmt":"2025-09-01T11:08:57","slug":"organisation","status":"publish","type":"page","link":"https:\/\/inklusivearbeitgeber.ch\/?page_id=64","title":{"rendered":"Netzwerke"},"content":{"rendered":"\t\t<div data-elementor-type=\"wp-page\" data-elementor-id=\"64\" class=\"elementor elementor-64\" data-elementor-post-type=\"page\">\n\t\t\t\t<div class=\"elementor-element elementor-element-14f1b14 e-flex e-con-boxed wpr-particle-no wpr-jarallax-no wpr-parallax-no wpr-sticky-section-no e-con e-parent\" data-id=\"14f1b14\" data-element_type=\"container\">\n\t\t\t\t\t<div class=\"e-con-inner\">\n\t\t\t\t<div class=\"elementor-element elementor-element-d34666e elementor-widget elementor-widget-text-editor\" data-id=\"d34666e\" data-element_type=\"widget\" data-widget_type=\"text-editor.default\">\n\t\t\t\t<div class=\"elementor-widget-container\">\n\t\t\t\t\t\t\t\t\t<p><strong>Das Netzwerk Inklusive Arbeitgeber ist eine Zusammenkunft von inklusiven Arbeitgebern. Wir bieten die M\u00f6glichkeit sich bei Fragen und Herausforderungen auszutauschen und \u00fcber eigene Erfolge zu berichten. Gemeinsam wollen wir den Arbeitsmarkt inklusiver gestalten und brauchen daf\u00fcr auch Ihre Hilfe! Werden auch Sie ein Teil vom Netzwerk Inklusive Arbeitgeber.\u00a0<\/strong><\/p>\t\t\t\t\t\t\t\t<\/div>\n\t\t\t\t<\/div>\n\t\t\t\t<div class=\"elementor-element elementor-element-36a74ef elementor-widget elementor-widget-heading\" data-id=\"36a74ef\" data-element_type=\"widget\" data-widget_type=\"heading.default\">\n\t\t\t\t<div class=\"elementor-widget-container\">\n\t\t\t\t\t<h3 class=\"elementor-heading-title elementor-size-default\">Modelle f\u00fcr eine Teilnahme<\/h3>\t\t\t\t<\/div>\n\t\t\t\t<\/div>\n\t\t\t\t\t<\/div>\n\t\t\t\t<\/div>\n\t\t<div class=\"elementor-element elementor-element-787c822 e-flex e-con-boxed wpr-particle-no wpr-jarallax-no wpr-parallax-no wpr-sticky-section-no e-con e-parent\" data-id=\"787c822\" data-element_type=\"container\">\n\t\t\t\t\t<div class=\"e-con-inner\">\n\t\t\t\t<div class=\"elementor-element elementor-element-7b4acb8 elementor-widget elementor-widget-image\" data-id=\"7b4acb8\" data-element_type=\"widget\" data-widget_type=\"image.default\">\n\t\t\t\t<div class=\"elementor-widget-container\">\n\t\t\t\t\t\t\t\t\t\t\t\t\t\t\t<img fetchpriority=\"high\" decoding=\"async\" width=\"800\" height=\"603\" src=\"https:\/\/inklusivearbeitgeber.ch\/wp-content\/uploads\/2025\/05\/Modell-Label-1024x772.png\" class=\"attachment-large size-large wp-image-868\" alt=\"\" srcset=\"https:\/\/inklusivearbeitgeber.ch\/wp-content\/uploads\/2025\/05\/Modell-Label-1024x772.png 1024w, https:\/\/inklusivearbeitgeber.ch\/wp-content\/uploads\/2025\/05\/Modell-Label-300x226.png 300w, https:\/\/inklusivearbeitgeber.ch\/wp-content\/uploads\/2025\/05\/Modell-Label-768x579.png 768w, https:\/\/inklusivearbeitgeber.ch\/wp-content\/uploads\/2025\/05\/Modell-Label.png 1123w\" sizes=\"(max-width: 800px) 100vw, 800px\" \/>\t\t\t\t\t\t\t\t\t\t\t\t\t\t\t<\/div>\n\t\t\t\t<\/div>\n\t\t\t\t\t<\/div>\n\t\t\t\t<\/div>\n\t\t<div class=\"elementor-element elementor-element-3878722 e-flex e-con-boxed wpr-particle-no wpr-jarallax-no wpr-parallax-no wpr-sticky-section-no e-con e-parent\" data-id=\"3878722\" data-element_type=\"container\">\n\t\t\t\t\t<div class=\"e-con-inner\">\n\t\t\t\t<div class=\"elementor-element elementor-element-67ffb20 elementor-widget elementor-widget-text-editor\" data-id=\"67ffb20\" data-element_type=\"widget\" data-widget_type=\"text-editor.default\">\n\t\t\t\t<div class=\"elementor-widget-container\">\n\t\t\t\t\t\t\t\t\t<p><strong>Basic:<\/strong> Aufnahme auf unsere interne Kontaktliste &#8211; Sie werden zu den Aktivit\u00e4ten eingeladen<\/p><p><strong>Commitment: <\/strong>Sie platzieren auf der Homepage von Inklusive Arbeitgeber ihr Logo und ein Statement &#8211; ihr Engagement wird sichtbar.\u00a0<\/p><p><strong>Label: <\/strong>Sie werden Labeltr\u00e4ger von iPunkt und stehen f\u00fcr Inklusion voll ein.<\/p>\t\t\t\t\t\t\t\t<\/div>\n\t\t\t\t<\/div>\n\t\t\t\t\t<\/div>\n\t\t\t\t<\/div>\n\t\t<div class=\"elementor-element elementor-element-7c51f0c e-flex e-con-boxed wpr-particle-no wpr-jarallax-no wpr-parallax-no wpr-sticky-section-no e-con e-parent\" data-id=\"7c51f0c\" data-element_type=\"container\">\n\t\t\t\t\t<div class=\"e-con-inner\">\n\t\t<div class=\"elementor-element elementor-element-aed22a9 e-con-full e-flex wpr-particle-no wpr-jarallax-no wpr-parallax-no wpr-sticky-section-no e-con e-child\" data-id=\"aed22a9\" data-element_type=\"container\">\n\t\t\t\t<div class=\"elementor-element elementor-element-e9663cb elementor-widget elementor-widget-heading\" data-id=\"e9663cb\" data-element_type=\"widget\" data-widget_type=\"heading.default\">\n\t\t\t\t<div class=\"elementor-widget-container\">\n\t\t\t\t\t<h4 class=\"elementor-heading-title elementor-size-default\">Jetzt Mitglied werden:<\/h4>\t\t\t\t<\/div>\n\t\t\t\t<\/div>\n\t\t\t\t<div class=\"elementor-element elementor-element-0fd3407 elementor-button-align-center elementor-widget elementor-widget-form\" data-id=\"0fd3407\" data-element_type=\"widget\" data-settings=\"{&quot;step_next_label&quot;:&quot;N\\u00e4chster&quot;,&quot;step_previous_label&quot;:&quot;Voriger&quot;,&quot;button_width&quot;:&quot;100&quot;,&quot;step_type&quot;:&quot;number_text&quot;,&quot;step_icon_shape&quot;:&quot;circle&quot;}\" data-widget_type=\"form.default\">\n\t\t\t\t<div class=\"elementor-widget-container\">\n\t\t\t\t\t\t\t<form class=\"elementor-form\" method=\"post\" name=\"Neues Formular\" aria-label=\"Neues Formular\">\n\t\t\t<input type=\"hidden\" name=\"post_id\" value=\"64\"\/>\n\t\t\t<input type=\"hidden\" name=\"form_id\" value=\"0fd3407\"\/>\n\t\t\t<input type=\"hidden\" name=\"referer_title\" value=\"Netzwerke - inklusivearbeitgeber\" \/>\n\n\t\t\t\t\t\t\t<input type=\"hidden\" name=\"queried_id\" value=\"64\"\/>\n\t\t\t\n\t\t\t<div class=\"elementor-form-fields-wrapper elementor-labels-above\">\n\t\t\t\t\t\t\t\t<div class=\"elementor-field-type-text elementor-field-group elementor-column elementor-field-group-field_2a4bf68 elementor-col-100\">\n\t\t\t\t\t\t\t\t\t\t\t\t<label for=\"form-field-field_2a4bf68\" class=\"elementor-field-label\">\n\t\t\t\t\t\t\t\tFirma\t\t\t\t\t\t\t<\/label>\n\t\t\t\t\t\t\t\t\t\t\t\t\t\t<input size=\"1\" type=\"text\" name=\"form_fields[field_2a4bf68]\" id=\"form-field-field_2a4bf68\" class=\"elementor-field elementor-size-sm  elementor-field-textual\" placeholder=\"ABC AG\">\n\t\t\t\t\t\t\t\t\t\t\t<\/div>\n\t\t\t\t\t\t\t\t<div class=\"elementor-field-type-text elementor-field-group elementor-column elementor-field-group-name elementor-col-100\">\n\t\t\t\t\t\t\t\t\t\t\t\t<label for=\"form-field-name\" class=\"elementor-field-label\">\n\t\t\t\t\t\t\t\tName\t\t\t\t\t\t\t<\/label>\n\t\t\t\t\t\t\t\t\t\t\t\t\t\t<input size=\"1\" type=\"text\" name=\"form_fields[name]\" id=\"form-field-name\" class=\"elementor-field elementor-size-sm  elementor-field-textual\" placeholder=\"Name\">\n\t\t\t\t\t\t\t\t\t\t\t<\/div>\n\t\t\t\t\t\t\t\t<div class=\"elementor-field-type-tel elementor-field-group elementor-column elementor-field-group-field_21b50e6 elementor-col-50\">\n\t\t\t\t\t\t\t\t\t\t\t\t<label for=\"form-field-field_21b50e6\" class=\"elementor-field-label\">\n\t\t\t\t\t\t\t\tTelefonnummer\t\t\t\t\t\t\t<\/label>\n\t\t\t\t\t\t\t\t<input size=\"1\" type=\"tel\" name=\"form_fields[field_21b50e6]\" id=\"form-field-field_21b50e6\" class=\"elementor-field elementor-size-sm  elementor-field-textual\" placeholder=\"079...\" pattern=\"[0-9()#&amp;+*-=.]+\" title=\"Nur Nummern oder Telefon-Zeichen (#, -, *, etc) werden akzeptiert.\">\n\n\t\t\t\t\t\t<\/div>\n\t\t\t\t\t\t\t\t<div class=\"elementor-field-type-email elementor-field-group elementor-column elementor-field-group-email elementor-col-50 elementor-field-required\">\n\t\t\t\t\t\t\t\t\t\t\t\t<label for=\"form-field-email\" class=\"elementor-field-label\">\n\t\t\t\t\t\t\t\tE-Mail\t\t\t\t\t\t\t<\/label>\n\t\t\t\t\t\t\t\t\t\t\t\t\t\t<input size=\"1\" type=\"email\" name=\"form_fields[email]\" id=\"form-field-email\" class=\"elementor-field elementor-size-sm  elementor-field-textual\" placeholder=\"E-Mail\" required=\"required\">\n\t\t\t\t\t\t\t\t\t\t\t<\/div>\n\t\t\t\t\t\t\t\t<div class=\"elementor-field-type-select elementor-field-group elementor-column elementor-field-group-field_0240459 elementor-col-100\">\n\t\t\t\t\t\t\t\t\t\t\t\t<label for=\"form-field-field_0240459\" class=\"elementor-field-label\">\n\t\t\t\t\t\t\t\tRegion\t\t\t\t\t\t\t<\/label>\n\t\t\t\t\t\t\t\t<div class=\"elementor-field elementor-select-wrapper remove-before \">\n\t\t\t<div class=\"select-caret-down-wrapper\">\n\t\t\t\t<svg aria-hidden=\"true\" class=\"e-font-icon-svg e-eicon-caret-down\" viewBox=\"0 0 571.4 571.4\" xmlns=\"http:\/\/www.w3.org\/2000\/svg\"><path d=\"M571 393Q571 407 561 418L311 668Q300 679 286 679T261 668L11 418Q0 407 0 393T11 368 36 357H536Q550 357 561 368T571 393Z\"><\/path><\/svg>\t\t\t<\/div>\n\t\t\t<select name=\"form_fields[field_0240459]\" id=\"form-field-field_0240459\" class=\"elementor-field-textual elementor-size-sm\">\n\t\t\t\t\t\t\t\t\t<option value=\"Aargau\">Aargau<\/option>\n\t\t\t\t\t\t\t\t\t<option value=\"Z\u00fcrich\">Z\u00fcrich<\/option>\n\t\t\t\t\t\t\t\t\t<option value=\"Andere\">Andere<\/option>\n\t\t\t\t\t\t\t<\/select>\n\t\t<\/div>\n\t\t\t\t\t\t<\/div>\n\t\t\t\t\t\t\t\t<div class=\"elementor-field-type-checkbox elementor-field-group elementor-column elementor-field-group-field_a990169 elementor-col-100\">\n\t\t\t\t\t\t\t\t\t\t\t\t<label for=\"form-field-field_a990169\" class=\"elementor-field-label\">\n\t\t\t\t\t\t\t\tMitgliedsstufe\t\t\t\t\t\t\t<\/label>\n\t\t\t\t\t\t<div class=\"elementor-field-subgroup  \"><span class=\"elementor-field-option\"><input type=\"checkbox\" value=\"Basic\" id=\"form-field-field_a990169-0\" name=\"form_fields[field_a990169][]\"> <label for=\"form-field-field_a990169-0\">Basic<\/label><\/span><span class=\"elementor-field-option\"><input type=\"checkbox\" value=\"Commitment\" id=\"form-field-field_a990169-1\" name=\"form_fields[field_a990169][]\"> <label for=\"form-field-field_a990169-1\">Commitment<\/label><\/span><span class=\"elementor-field-option\"><input type=\"checkbox\" value=\"Label\" id=\"form-field-field_a990169-2\" name=\"form_fields[field_a990169][]\"> <label for=\"form-field-field_a990169-2\">Label<\/label><\/span><\/div>\t\t\t\t<\/div>\n\t\t\t\t\t\t\t\t<div class=\"elementor-field-type-text\">\n\t\t\t\t\t<input size=\"1\" type=\"text\" name=\"form_fields[field_22ec5d7]\" id=\"form-field-field_22ec5d7\" class=\"elementor-field elementor-size-sm \" style=\"display:none !important;\">\t\t\t\t<\/div>\n\t\t\t\t\t\t\t\t<div class=\"elementor-field-group elementor-column elementor-field-type-submit elementor-col-100 e-form__buttons\">\n\t\t\t\t\t<button class=\"elementor-button elementor-size-sm\" type=\"submit\">\n\t\t\t\t\t\t<span class=\"elementor-button-content-wrapper\">\n\t\t\t\t\t\t\t\t\t\t\t\t\t\t\t\t\t\t\t\t\t\t<span class=\"elementor-button-text\">Senden<\/span>\n\t\t\t\t\t\t\t\t\t\t\t\t\t<\/span>\n\t\t\t\t\t<\/button>\n\t\t\t\t<\/div>\n\t\t\t<\/div>\n\t\t<\/form>\n\t\t\t\t\t\t<\/div>\n\t\t\t\t<\/div>\n\t\t\t\t<\/div>\n\t\t\t\t\t<\/div>\n\t\t\t\t<\/div>\n\t\t\t\t<\/div>\n\t\t","protected":false},"excerpt":{"rendered":"<p>Das Netzwerk Inklusive Arbeitgeber ist eine Zusammenkunft von inklusiven Arbeitgebern. Wir bieten die M\u00f6glichkeit sich bei Fragen und Herausforderungen auszutauschen und \u00fcber eigene Erfolge zu berichten. Gemeinsam wollen wir den Arbeitsmarkt inklusiver gestalten und brauchen daf\u00fcr auch Ihre Hilfe! Werden auch Sie ein Teil vom Netzwerk Inklusive Arbeitgeber.\u00a0 Modelle f\u00fcr eine Teilnahme Basic: Aufnahme auf unsere interne Kontaktliste &#8211; Sie werden zu den Aktivit\u00e4ten eingeladen Commitment: Sie platzieren auf der Homepage von Inklusive Arbeitgeber ihr Logo und ein Statement &#8211; ihr Engagement wird sichtbar.\u00a0 Label: Sie werden Labeltr\u00e4ger von iPunkt und stehen f\u00fcr Inklusion voll ein. Jetzt Mitglied werden:<\/p>\n","protected":false},"author":3,"featured_media":0,"parent":0,"menu_order":0,"comment_status":"closed","ping_status":"closed","template":"","meta":{"_price":"","_stock":"","_tribe_ticket_header":"","_tribe_default_ticket_provider":"","_ticket_start_date":"","_ticket_end_date":"","_tribe_ticket_show_description":"","_tribe_ticket_show_not_going":false,"_tribe_ticket_use_global_stock":"","_tribe_ticket_global_stock_level":"","_global_stock_mode":"","_global_stock_cap":"","_tribe_rsvp_for_event":"","_tribe_ticket_going_count":"","_tribe_ticket_not_going_count":"","_tribe_tickets_list":"[]","_tribe_ticket_has_attendee_info_fields":false,"footnotes":"","_tec_slr_enabled":"","_tec_slr_layout":""},"class_list":["post-64","page","type-page","status-publish","hentry"],"yoast_head":"<!-- This site is optimized with the Yoast SEO plugin v26.6 - https:\/\/yoast.com\/wordpress\/plugins\/seo\/ -->\n<title>Netzwerke - inklusivearbeitgeber<\/title>\n<meta name=\"description\" content=\"Einige engagierte K\u00f6pfe haben die Initiative ergriffen und dieses Netzwerk ins Leben gerufen. Erfahren Sie hier alles dar\u00fcber.\" \/>\n<meta name=\"robots\" content=\"index, follow, max-snippet:-1, max-image-preview:large, max-video-preview:-1\" \/>\n<link rel=\"canonical\" href=\"https:\/\/inklusivearbeitgeber.ch\/?page_id=64\" \/>\n<meta property=\"og:locale\" content=\"de_DE\" \/>\n<meta property=\"og:type\" content=\"article\" \/>\n<meta property=\"og:title\" content=\"Netzwerke - inklusivearbeitgeber\" \/>\n<meta property=\"og:description\" content=\"Einige engagierte K\u00f6pfe haben die Initiative ergriffen und dieses Netzwerk ins Leben gerufen. Erfahren Sie hier alles dar\u00fcber.\" \/>\n<meta property=\"og:url\" content=\"https:\/\/inklusivearbeitgeber.ch\/?page_id=64\" \/>\n<meta property=\"og:site_name\" content=\"inklusivearbeitgeber\" \/>\n<meta property=\"article:modified_time\" content=\"2025-09-01T11:08:57+00:00\" \/>\n<meta property=\"og:image\" content=\"https:\/\/inklusivearbeitgeber.ch\/wp-content\/uploads\/2025\/05\/Modell-Label.png\" \/>\n\t<meta property=\"og:image:width\" content=\"1123\" \/>\n\t<meta property=\"og:image:height\" content=\"847\" \/>\n\t<meta property=\"og:image:type\" content=\"image\/png\" \/>\n<meta name=\"twitter:card\" content=\"summary_large_image\" \/>\n<meta name=\"twitter:label1\" content=\"Gesch\u00e4tzte Lesezeit\" \/>\n\t<meta name=\"twitter:data1\" content=\"1\u00a0Minute\" \/>\n<script type=\"application\/ld+json\" class=\"yoast-schema-graph\">{\"@context\":\"https:\/\/schema.org\",\"@graph\":[{\"@type\":\"WebPage\",\"@id\":\"https:\/\/inklusivearbeitgeber.ch\/?page_id=64\",\"url\":\"https:\/\/inklusivearbeitgeber.ch\/?page_id=64\",\"name\":\"Netzwerke - inklusivearbeitgeber\",\"isPartOf\":{\"@id\":\"https:\/\/inklusivearbeitgeber.ch\/#website\"},\"primaryImageOfPage\":{\"@id\":\"https:\/\/inklusivearbeitgeber.ch\/?page_id=64#primaryimage\"},\"image\":{\"@id\":\"https:\/\/inklusivearbeitgeber.ch\/?page_id=64#primaryimage\"},\"thumbnailUrl\":\"https:\/\/inklusivearbeitgeber.ch\/wp-content\/uploads\/2025\/05\/Modell-Label-1024x772.png\",\"datePublished\":\"2024-11-06T07:45:16+00:00\",\"dateModified\":\"2025-09-01T11:08:57+00:00\",\"description\":\"Einige engagierte K\u00f6pfe haben die Initiative ergriffen und dieses Netzwerk ins Leben gerufen. Erfahren Sie hier alles dar\u00fcber.\",\"breadcrumb\":{\"@id\":\"https:\/\/inklusivearbeitgeber.ch\/?page_id=64#breadcrumb\"},\"inLanguage\":\"de\",\"potentialAction\":[{\"@type\":\"ReadAction\",\"target\":[\"https:\/\/inklusivearbeitgeber.ch\/?page_id=64\"]}]},{\"@type\":\"ImageObject\",\"inLanguage\":\"de\",\"@id\":\"https:\/\/inklusivearbeitgeber.ch\/?page_id=64#primaryimage\",\"url\":\"https:\/\/inklusivearbeitgeber.ch\/wp-content\/uploads\/2025\/05\/Modell-Label.png\",\"contentUrl\":\"https:\/\/inklusivearbeitgeber.ch\/wp-content\/uploads\/2025\/05\/Modell-Label.png\",\"width\":1123,\"height\":847},{\"@type\":\"BreadcrumbList\",\"@id\":\"https:\/\/inklusivearbeitgeber.ch\/?page_id=64#breadcrumb\",\"itemListElement\":[{\"@type\":\"ListItem\",\"position\":1,\"name\":\"Startseite\",\"item\":\"https:\/\/inklusivearbeitgeber.ch\/\"},{\"@type\":\"ListItem\",\"position\":2,\"name\":\"Netzwerke\"}]},{\"@type\":\"WebSite\",\"@id\":\"https:\/\/inklusivearbeitgeber.ch\/#website\",\"url\":\"https:\/\/inklusivearbeitgeber.ch\/\",\"name\":\"inklusivearbeitgeber\",\"description\":\"\",\"publisher\":{\"@id\":\"https:\/\/inklusivearbeitgeber.ch\/#organization\"},\"potentialAction\":[{\"@type\":\"SearchAction\",\"target\":{\"@type\":\"EntryPoint\",\"urlTemplate\":\"https:\/\/inklusivearbeitgeber.ch\/?s={search_term_string}\"},\"query-input\":{\"@type\":\"PropertyValueSpecification\",\"valueRequired\":true,\"valueName\":\"search_term_string\"}}],\"inLanguage\":\"de\"},{\"@type\":\"Organization\",\"@id\":\"https:\/\/inklusivearbeitgeber.ch\/#organization\",\"name\":\"inklusivearbeitgeber\",\"url\":\"https:\/\/inklusivearbeitgeber.ch\/\",\"logo\":{\"@type\":\"ImageObject\",\"inLanguage\":\"de\",\"@id\":\"https:\/\/inklusivearbeitgeber.ch\/#\/schema\/logo\/image\/\",\"url\":\"https:\/\/inklusivearbeitgeber.ch\/wp-content\/uploads\/2025\/09\/Logo_rgb-RZ-scaled.png\",\"contentUrl\":\"https:\/\/inklusivearbeitgeber.ch\/wp-content\/uploads\/2025\/09\/Logo_rgb-RZ-scaled.png\",\"width\":2560,\"height\":1351,\"caption\":\"inklusivearbeitgeber\"},\"image\":{\"@id\":\"https:\/\/inklusivearbeitgeber.ch\/#\/schema\/logo\/image\/\"}}]}<\/script>\n<!-- \/ Yoast SEO plugin. -->","yoast_head_json":{"title":"Netzwerke - inklusivearbeitgeber","description":"Einige engagierte K\u00f6pfe haben die Initiative ergriffen und dieses Netzwerk ins Leben gerufen. Erfahren Sie hier alles dar\u00fcber.","robots":{"index":"index","follow":"follow","max-snippet":"max-snippet:-1","max-image-preview":"max-image-preview:large","max-video-preview":"max-video-preview:-1"},"canonical":"https:\/\/inklusivearbeitgeber.ch\/?page_id=64","og_locale":"de_DE","og_type":"article","og_title":"Netzwerke - inklusivearbeitgeber","og_description":"Einige engagierte K\u00f6pfe haben die Initiative ergriffen und dieses Netzwerk ins Leben gerufen. Erfahren Sie hier alles dar\u00fcber.","og_url":"https:\/\/inklusivearbeitgeber.ch\/?page_id=64","og_site_name":"inklusivearbeitgeber","article_modified_time":"2025-09-01T11:08:57+00:00","og_image":[{"width":1123,"height":847,"url":"https:\/\/inklusivearbeitgeber.ch\/wp-content\/uploads\/2025\/05\/Modell-Label.png","type":"image\/png"}],"twitter_card":"summary_large_image","twitter_misc":{"Gesch\u00e4tzte Lesezeit":"1\u00a0Minute"},"schema":{"@context":"https:\/\/schema.org","@graph":[{"@type":"WebPage","@id":"https:\/\/inklusivearbeitgeber.ch\/?page_id=64","url":"https:\/\/inklusivearbeitgeber.ch\/?page_id=64","name":"Netzwerke - inklusivearbeitgeber","isPartOf":{"@id":"https:\/\/inklusivearbeitgeber.ch\/#website"},"primaryImageOfPage":{"@id":"https:\/\/inklusivearbeitgeber.ch\/?page_id=64#primaryimage"},"image":{"@id":"https:\/\/inklusivearbeitgeber.ch\/?page_id=64#primaryimage"},"thumbnailUrl":"https:\/\/inklusivearbeitgeber.ch\/wp-content\/uploads\/2025\/05\/Modell-Label-1024x772.png","datePublished":"2024-11-06T07:45:16+00:00","dateModified":"2025-09-01T11:08:57+00:00","description":"Einige engagierte K\u00f6pfe haben die Initiative ergriffen und dieses Netzwerk ins Leben gerufen. Erfahren Sie hier alles dar\u00fcber.","breadcrumb":{"@id":"https:\/\/inklusivearbeitgeber.ch\/?page_id=64#breadcrumb"},"inLanguage":"de","potentialAction":[{"@type":"ReadAction","target":["https:\/\/inklusivearbeitgeber.ch\/?page_id=64"]}]},{"@type":"ImageObject","inLanguage":"de","@id":"https:\/\/inklusivearbeitgeber.ch\/?page_id=64#primaryimage","url":"https:\/\/inklusivearbeitgeber.ch\/wp-content\/uploads\/2025\/05\/Modell-Label.png","contentUrl":"https:\/\/inklusivearbeitgeber.ch\/wp-content\/uploads\/2025\/05\/Modell-Label.png","width":1123,"height":847},{"@type":"BreadcrumbList","@id":"https:\/\/inklusivearbeitgeber.ch\/?page_id=64#breadcrumb","itemListElement":[{"@type":"ListItem","position":1,"name":"Startseite","item":"https:\/\/inklusivearbeitgeber.ch\/"},{"@type":"ListItem","position":2,"name":"Netzwerke"}]},{"@type":"WebSite","@id":"https:\/\/inklusivearbeitgeber.ch\/#website","url":"https:\/\/inklusivearbeitgeber.ch\/","name":"inklusivearbeitgeber","description":"","publisher":{"@id":"https:\/\/inklusivearbeitgeber.ch\/#organization"},"potentialAction":[{"@type":"SearchAction","target":{"@type":"EntryPoint","urlTemplate":"https:\/\/inklusivearbeitgeber.ch\/?s={search_term_string}"},"query-input":{"@type":"PropertyValueSpecification","valueRequired":true,"valueName":"search_term_string"}}],"inLanguage":"de"},{"@type":"Organization","@id":"https:\/\/inklusivearbeitgeber.ch\/#organization","name":"inklusivearbeitgeber","url":"https:\/\/inklusivearbeitgeber.ch\/","logo":{"@type":"ImageObject","inLanguage":"de","@id":"https:\/\/inklusivearbeitgeber.ch\/#\/schema\/logo\/image\/","url":"https:\/\/inklusivearbeitgeber.ch\/wp-content\/uploads\/2025\/09\/Logo_rgb-RZ-scaled.png","contentUrl":"https:\/\/inklusivearbeitgeber.ch\/wp-content\/uploads\/2025\/09\/Logo_rgb-RZ-scaled.png","width":2560,"height":1351,"caption":"inklusivearbeitgeber"},"image":{"@id":"https:\/\/inklusivearbeitgeber.ch\/#\/schema\/logo\/image\/"}}]}},"ticketed":false,"_links":{"self":[{"href":"https:\/\/inklusivearbeitgeber.ch\/index.php?rest_route=\/wp\/v2\/pages\/64","targetHints":{"allow":["GET"]}}],"collection":[{"href":"https:\/\/inklusivearbeitgeber.ch\/index.php?rest_route=\/wp\/v2\/pages"}],"about":[{"href":"https:\/\/inklusivearbeitgeber.ch\/index.php?rest_route=\/wp\/v2\/types\/page"}],"author":[{"embeddable":true,"href":"https:\/\/inklusivearbeitgeber.ch\/index.php?rest_route=\/wp\/v2\/users\/3"}],"replies":[{"embeddable":true,"href":"https:\/\/inklusivearbeitgeber.ch\/index.php?rest_route=%2Fwp%2Fv2%2Fcomments&post=64"}],"version-history":[{"count":103,"href":"https:\/\/inklusivearbeitgeber.ch\/index.php?rest_route=\/wp\/v2\/pages\/64\/revisions"}],"predecessor-version":[{"id":1110,"href":"https:\/\/inklusivearbeitgeber.ch\/index.php?rest_route=\/wp\/v2\/pages\/64\/revisions\/1110"}],"wp:attachment":[{"href":"https:\/\/inklusivearbeitgeber.ch\/index.php?rest_route=%2Fwp%2Fv2%2Fmedia&parent=64"}],"curies":[{"name":"wp","href":"https:\/\/api.w.org\/{rel}","templated":true}]}}